{"id":68,"date":"2021-04-16T23:05:29","date_gmt":"2021-04-16T21:05:29","guid":{"rendered":"http:\/\/www.skupinaorion.cz\/?page_id=68"},"modified":"2021-04-16T23:25:10","modified_gmt":"2021-04-16T21:25:10","slug":"kontakt","status":"publish","type":"page","link":"https:\/\/www.skupinaorion.cz\/index.php\/kontakt\/","title":{"rendered":"Kontakt"},"content":{"rendered":"\n<p class=\"has-text-align-center has-medium-font-size\"><strong>Dana Mi\u0161terov\u00e1<\/strong> (kapeln\u00edk a jednatel)<\/p>\n\n\n\n<p class=\"has-text-align-center\">mobil: +420 731 705 004<\/p>\n\n\n\n<p class=\"has-text-align-center\">tel.: +420 313 531 000<\/p>\n\n\n\n<p class=\"has-text-align-center\">email:\nd.misterova@seznam.cz<\/p>\n\n\n\n<p class=\"has-text-align-center\"><\/p>\n","protected":false},"excerpt":{"rendered":"<p>Dana Mi\u0161terov\u00e1 (kapeln\u00edk a jednatel) mobil: +420 731 705 004 tel.: +420 313 531 000 email: d.misterova@seznam.cz<\/p>\n","protected":false},"author":1,"featured_media":0,"parent":0,"menu_order":0,"comment_status":"closed","ping_status":"closed","template":"","meta":{"ngg_post_thumbnail":0,"footnotes":""},"class_list":["post-68","page","type-page","status-publish","hentry","entry"],"_links":{"self":[{"href":"https:\/\/www.skupinaorion.cz\/index.php\/wp-json\/wp\/v2\/pages\/68","targetHints":{"allow":["GET"]}}],"collection":[{"href":"https:\/\/www.skupinaorion.cz\/index.php\/wp-json\/wp\/v2\/pages"}],"about":[{"href":"https:\/\/www.skupinaorion.cz\/index.php\/wp-json\/wp\/v2\/types\/page"}],"author":[{"embeddable":true,"href":"https:\/\/www.skupinaorion.cz\/index.php\/wp-json\/wp\/v2\/users\/1"}],"replies":[{"embeddable":true,"href":"https:\/\/www.skupinaorion.cz\/index.php\/wp-json\/wp\/v2\/comments?post=68"}],"version-history":[{"count":4,"href":"https:\/\/www.skupinaorion.cz\/index.php\/wp-json\/wp\/v2\/pages\/68\/revisions"}],"predecessor-version":[{"id":119,"href":"https:\/\/www.skupinaorion.cz\/index.php\/wp-json\/wp\/v2\/pages\/68\/revisions\/119"}],"wp:attachment":[{"href":"https:\/\/www.skupinaorion.cz\/index.php\/wp-json\/wp\/v2\/media?parent=68"}],"curies":[{"name":"wp","href":"https:\/\/api.w.org\/{rel}","templated":true}]}}