{"id":49,"date":"2020-01-28T12:42:11","date_gmt":"2020-01-28T10:42:11","guid":{"rendered":"http:\/\/www.skupinaorion.cz\/?page_id=49"},"modified":"2026-02-01T19:48:43","modified_gmt":"2026-02-01T17:48:43","slug":"historie","status":"publish","type":"page","link":"https:\/\/www.skupinaorion.cz\/index.php\/historie\/","title":{"rendered":"Historie"},"content":{"rendered":"<div class=\"wp-block-image\">\n<figure class=\"aligncenter size-full\"><img loading=\"lazy\" decoding=\"async\" width=\"499\" height=\"106\" src=\"http:\/\/www.skupinaorion.cz\/wp-content\/uploads\/2024\/08\/Orion_logo.png\" alt=\"\" class=\"wp-image-263\" srcset=\"https:\/\/www.skupinaorion.cz\/wp-content\/uploads\/2024\/08\/Orion_logo.png 499w, https:\/\/www.skupinaorion.cz\/wp-content\/uploads\/2024\/08\/Orion_logo-300x64.png 300w\" sizes=\"auto, (max-width: 499px) 100vw, 499px\" \/><\/figure>\n<\/div>\n\n\n<div style=\"height:100px\" aria-hidden=\"true\" class=\"wp-block-spacer\"><\/div>\n\n\n\n<p>Hudebn\u00ed skupina Orion vznikla v \u010dervnu roku 1994. V tomto roce jsme oslavili 31 let p\u016fsoben\u00ed. Jako prvn\u00ed zp\u011bv\u00e1k v na\u0161\u00ed kapele byl Rudolf Zeman (1994-2007). Byl to nejen skv\u011bl\u00fd zp\u011bv\u00e1k, ale i v\u00fdborn\u00fd moder\u00e1tor. Po jeho \u00famrt\u00ed, kter\u00e9 n\u00e1s velmi zas\u00e1hlo, p\u0159i\u0161el do kapely Kazim\u00edr Wachtl, kter\u00fd s n\u00e1mi zp\u00edval rok (2007-2008). Dal\u0161\u00edm zp\u011bv\u00e1kem byl Petr Nov\u00e1k, kter\u00fd u n\u00e1s zp\u00edval tak\u00e9 rok (2008-2009). Ze zdravotn\u00edch d\u016fvod\u016f ukon\u010dil p\u016fsoben\u00ed a na jeho m\u00edsto p\u0159i\u0161el mlad\u00fd a tehdy je\u0161t\u011b nezku\u0161en\u00fd Martin Kouteck\u00fd (2009-2015). V kapele z\u00edskal zku\u0161enosti a vydal se na s\u00f3lovou dr\u00e1hu. Martina vyst\u0159\u00eddal Josef \u010cern\u00edk, kter\u00fd zp\u00edval a hr\u00e1l na kytaru (2015-2019). Na\u0161\u00edm sou\u010dasn\u00fdm zp\u011bv\u00e1kem je Tom\u00e1\u0161 Mika (2019 a\u017e do sou\u010dasnosti). Prvn\u00edm hr\u00e1\u010dem na saxofon byl Zden\u011bk Rieger (1994-1995). Zde\u0148ka vyst\u0159\u00eddal Jan L\u00fcfftner, kter\u00fd v kapele p\u016fsobil do roku 2019. Jana L\u00fcfftnera ze zdravotn\u00edch d\u016fvod\u016f vyst\u0159\u00eddal Ji\u0159\u00ed Arlt (od roku 2021), kter\u00fd hraje v kapele a\u017e do sou\u010dasnosti. Kapelu pos\u00edlil svou hrou na trubku V\u00e1clav Pavl\u00ed\u010dek (2008-2013). St\u00e1l\u00fdm \u010dlenem od roku 2022 je Ond\u0159ej Mi\u0161tera, kter\u00fd hraje na klarinet, zp\u00edv\u00e1 a moderuje na\u0161e akce.<\/p>\n","protected":false},"excerpt":{"rendered":"<p>Hudebn\u00ed skupina Orion vznikla v \u010dervnu roku 1994. V tomto roce jsme oslavili 31 let p\u016fsoben\u00ed. Jako prvn\u00ed zp\u011bv\u00e1k v na\u0161\u00ed kapele byl Rudolf Zeman (1994-2007). Byl to nejen skv\u011bl\u00fd zp\u011bv\u00e1k, ale i v\u00fdborn\u00fd moder\u00e1tor. Po jeho \u00famrt\u00ed, kter\u00e9 n\u00e1s velmi zas\u00e1hlo, p\u0159i\u0161el do kapely Kazim\u00edr Wachtl, kter\u00fd s n\u00e1mi zp\u00edval rok (2007-2008). Dal\u0161\u00edm zp\u011bv\u00e1kem&hellip; <a class=\"more-link\" href=\"https:\/\/www.skupinaorion.cz\/index.php\/historie\/\">Pokra\u010dovat ve\u00a0\u010dten\u00ed <span class=\"screen-reader-text\">Historie<\/span><\/a><\/p>\n","protected":false},"author":1,"featured_media":0,"parent":0,"menu_order":0,"comment_status":"closed","ping_status":"closed","template":"","meta":{"ngg_post_thumbnail":0,"footnotes":""},"class_list":["post-49","page","type-page","status-publish","hentry","entry"],"_links":{"self":[{"href":"https:\/\/www.skupinaorion.cz\/index.php\/wp-json\/wp\/v2\/pages\/49","targetHints":{"allow":["GET"]}}],"collection":[{"href":"https:\/\/www.skupinaorion.cz\/index.php\/wp-json\/wp\/v2\/pages"}],"about":[{"href":"https:\/\/www.skupinaorion.cz\/index.php\/wp-json\/wp\/v2\/types\/page"}],"author":[{"embeddable":true,"href":"https:\/\/www.skupinaorion.cz\/index.php\/wp-json\/wp\/v2\/users\/1"}],"replies":[{"embeddable":true,"href":"https:\/\/www.skupinaorion.cz\/index.php\/wp-json\/wp\/v2\/comments?post=49"}],"version-history":[{"count":14,"href":"https:\/\/www.skupinaorion.cz\/index.php\/wp-json\/wp\/v2\/pages\/49\/revisions"}],"predecessor-version":[{"id":436,"href":"https:\/\/www.skupinaorion.cz\/index.php\/wp-json\/wp\/v2\/pages\/49\/revisions\/436"}],"wp:attachment":[{"href":"https:\/\/www.skupinaorion.cz\/index.php\/wp-json\/wp\/v2\/media?parent=49"}],"curies":[{"name":"wp","href":"https:\/\/api.w.org\/{rel}","templated":true}]}}