{"id":36,"date":"2019-04-23T23:37:07","date_gmt":"2019-04-23T23:37:07","guid":{"rendered":"http:\/\/www.skupinaorion.cz\/?page_id=36"},"modified":"2024-08-05T00:19:24","modified_gmt":"2024-08-04T22:19:24","slug":"repertoar","status":"publish","type":"page","link":"https:\/\/www.skupinaorion.cz\/index.php\/repertoar\/","title":{"rendered":"Reperto\u00e1r"},"content":{"rendered":"\n<div class=\"wp-block-columns is-layout-flex wp-container-core-columns-is-layout-9d6595d7 wp-block-columns-is-layout-flex\">\n<div class=\"wp-block-column is-layout-flow wp-block-column-is-layout-flow\">\n<figure class=\"wp-block-table is-style-stripes\"><table><tbody><tr><td>All my loving<\/td><\/tr><tr><td>Amor magor<\/td><\/tr><tr><td>Angels<\/td><\/tr><tr><td>Apache<\/td><\/tr><tr><td>A\u017e<\/td><\/tr><tr><td>A\u017e na vrcholky hor<\/td><\/tr><tr><td>Babylon<\/td><\/tr><tr><td>B\u00e1je\u010dn\u00fd den<\/td><\/tr><tr><td>B\u00e1je\u010dn\u00e1 \u017eensk\u00e1<\/td><\/tr><tr><td>Banana sm\u011bs<\/td><\/tr><tr><td>Boky jako sk\u0159\u00ed\u0148<\/td><\/tr><tr><td>Bongo La Chacha<\/td><\/tr><tr><td>Boty proti l\u00e1sce<\/td><\/tr><tr><td>B\u00fdt st\u00e1le ml\u00e1d<\/td><\/tr><tr><td>California Blue<\/td><\/tr><tr><td>\u010cekej ti\u0161e<\/td><\/tr><tr><td>\u010cern\u00ed and\u011bl\u00e9<\/td><\/tr><tr><td>Cesta<\/td><\/tr><tr><td>\u010cmel\u00e1k<\/td><\/tr><tr><td>Co bylo d\u00e1l<\/td><\/tr><tr><td>Colorado<\/td><\/tr><tr><td>Crazy little thing<\/td><\/tr><tr><td>Dej mi v\u00edc sv\u00e9 l\u00e1sky<\/td><\/tr><tr><td>Dej se pol\u00edbit<\/td><\/tr><tr><td>D\u011bl\u00e1n\u00ed<\/td><\/tr><tr><td>Den kdy se vr\u00e1t\u00ed l\u00e1ska<\/td><\/tr><tr><td>Dla\u017eebn\u00ed kostka<\/td><\/tr><tr><td>Dlouh\u00e1 noc<\/td><\/tr><tr><td>Dobr\u00fd kafe<\/td><\/tr><tr><td>Dom\u00e1c\u00ed kino<\/td><\/tr><tr><td>D\u0159\u00edv ne\u017e zaplat\u00ed\u0161<\/td><\/tr><tr><td>Dv\u011b mal\u00e1 k\u0159\u00eddla<\/td><\/tr><tr><td>Dv\u011b srdce vejp\u016fl<\/td><\/tr><tr><td>Honey Honey<\/td><\/tr><tr><td>Ho\u0159ely padaly hv\u011bzdy<\/td><\/tr><tr><td>Hory<\/td><\/tr><tr><td>Hosp\u016fdko zn\u00e1m\u00e1<\/td><\/tr><tr><td>Houby magick\u00fd<\/td><\/tr><tr><td>Hroba\u0159<\/td><\/tr><tr><td>Chci zas v tob\u011b sp\u00e1t<\/td><\/tr><tr><td>Jahody mra\u017een\u00fd<\/td><\/tr><tr><td>Jak kdy<\/td><\/tr><tr><td>Jako kot\u011b si p\u0159\u00edst<\/td><\/tr><tr><td>Jaro\u0161ovsk\u00fd pivovar<\/td><\/tr><tr><td>Jdi za \u0161t\u011bst\u00edm<\/td><\/tr><tr><td>Jedin\u00fd co chci<\/td><\/tr><tr><td>Jednou mi fotr pov\u00edd\u00e1<\/td><\/tr><\/tbody><\/table><\/figure>\n<\/div>\n\n\n\n<div class=\"wp-block-column is-layout-flow wp-block-column-is-layout-flow\">\n<figure class=\"wp-block-table is-style-stripes\"><table><tbody><tr><td>Jednou nebe zavol\u00e1<\/td><\/tr><tr><td>Jen se h\u00e1dej<\/td><\/tr><tr><td>Jsem tv\u00e1<\/td><\/tr><tr><td>Jsem optimista<\/td><\/tr><tr><td>Kdy vzl\u00e9tnu j\u00e1<\/td><\/tr><tr><td>Kdyby tady byla takov\u00e1 panenka<\/td><\/tr><tr><td>Kdy\u017e nem\u016f\u017ee\u0161, tak p\u0159idej<\/td><\/tr><tr><td>Klidn\u00e1 jako voda<\/td><\/tr><tr><td>K\u0159\u00eddla<\/td><\/tr><tr><td>Lady Carneval<\/td><\/tr><tr><td>L\u00e1ska na sto let<\/td><\/tr><tr><td>Letkis Jenka<\/td><\/tr><tr><td>Loud\u00e1 se p\u016flm\u011bs\u00edc<\/td><\/tr><tr><td>M\u00e1 chata m\u016fj hrad<\/td><\/tr><tr><td>Malagelo<\/td><\/tr><tr><td>Mal\u00e1 d\u00e1ma<\/td><\/tr><tr><td>M\u00e1m chu\u0165 \u0159\u00edct ti Goodbye<\/td><\/tr><tr><td>Mamma Maria<\/td><\/tr><tr><td>Mamaleone<\/td><\/tr><tr><td>Mandy<\/td><\/tr><tr><td>Ma\u0161inka<\/td><\/tr><tr><td>M\u011bsto a rock and roll<\/td><\/tr><tr><td>Moje mil\u00e1<\/td><\/tr><tr><td>Montgomery<\/td><\/tr><tr><td>Na malou chv\u00edli<\/td><\/tr><tr><td>Na sever<\/td><\/tr><tr><td>Na kolena<\/td><\/tr><tr><td>N\u00e1pad<\/td><\/tr><tr><td>Nejkrat\u0161\u00ed cesta<\/td><\/tr><tr><td>Nen\u00ed v\u0161echno par\u00e1da<\/td><\/tr><tr><td>Neztr\u00e1cej \u010das<\/td><\/tr><tr><td>Nic se nem\u011bn\u00ed<\/td><\/tr><tr><td>Nonstop<\/td><\/tr><tr><td>O Tob\u011b i o mn\u011b<\/td><\/tr><tr><td>Ob-la-di, Ob-la-da<\/td><\/tr><tr><td>Only You<\/td><\/tr><tr><td>Ot\u00e1zky<\/td><\/tr><tr><td>P\u00e1r havran\u00edch cop\u00e1nk\u016f<\/td><\/tr><tr><td>Par\u00e1da<\/td><\/tr><tr><td>P\u00e1rty<\/td><\/tr><tr><td>P\u00e1r p\u0159\u00e1tel<\/td><\/tr><tr><td>Perfect<\/td><\/tr><tr><td>Pohoda<\/td><\/tr><tr><td>Pretty Woman<\/td><\/tr><tr><td>Pro Emu<\/td><\/tr><tr><td>Prohr\u00e1t nen\u00ed \u017e\u00e1dn\u00e1 hanba<\/td><\/tr><tr><td>Ring Ring<\/td><\/tr><\/tbody><\/table><\/figure>\n<\/div>\n\n\n\n<div class=\"wp-block-column is-layout-flow wp-block-column-is-layout-flow\">\n<figure class=\"wp-block-table is-style-stripes\"><table><tbody><tr><td>Rozpustil\u00e1 holka<\/td><\/tr><tr><td>Schody do nebe<\/td><\/tr><tr><td>\u0160enk\u00fd\u0159ka<\/td><\/tr><tr><td>Sex Bomb<\/td><\/tr><tr><td>S\u00edla starejch v\u00edn<\/td><\/tr><tr><td>Sladk\u00e9 m\u00e1men\u00ed<\/td><\/tr><tr><td>Sladk\u00e9 hlouposti<\/td><\/tr><tr><td>Sl\u00e1va bl\u00e1zniv\u00fdm n\u00e1pad\u016fm<\/td><\/tr><tr><td>Slzy tv\u00fd m\u00e1my<\/td><\/tr><tr><td>Sm\u011bs Semafor<\/td><\/tr><tr><td>Sofia<\/td><\/tr><tr><td>Sp\u011bch\u00e1m<\/td><\/tr><tr><td>\u0160rouby a matice<\/td><\/tr><tr><td>St\u00e1nky<\/td><\/tr><tr><td>\u0160\u0165astn\u00e1 \u00fasta<\/td><\/tr><tr><td>Sva\u0159\u00e1k<\/td><\/tr><tr><td>Svaz \u010desk\u00fdch boh\u00e9m\u016f<\/td><\/tr><tr><td>Sway<\/td><\/tr><tr><td>Tennessee waltz<\/td><\/tr><tr><td>Ten v\u016fz u\u017e jel<\/td><\/tr><tr><td>Tohle je r\u00e1j<\/td><\/tr><tr><td>Tornero<\/td><\/tr><tr><td>Ty jsi ten nej<\/td><\/tr><tr><td>Ty a j\u00e1<\/td><\/tr><tr><td>Unchained Melody<\/td><\/tr><tr><td>V pekle sudy v\u00e1lej<\/td><\/tr><tr><td>V\u00e1kuum<\/td><\/tr><tr><td>Ve\u010dern\u00ed\u010dek<\/td><\/tr><tr><td>Ve\u010f m\u011b d\u00e1l<\/td><\/tr><tr><td>Vem si bl\u016fzu<\/td><\/tr><tr><td>Ven<\/td><\/tr><tr><td>V\u00edno<\/td><\/tr><tr><td>Vra\u0165 mi zp\u011bt m\u016fj sm\u00edch<\/td><\/tr><tr><td>V\u017edycky se budeme zn\u00e1t<\/td><\/tr><tr><td>V blb\u00fdm v\u011bku<\/td><\/tr><tr><td>Zejtra m\u00e1m<\/td><\/tr><tr><td>Zrcadlo<\/td><\/tr><tr><td>Z\u016fst\u00e1v\u00e1m s\u00e1m<\/td><\/tr><tr><td>Z nudy sudy v\u00e1let<\/td><\/tr><\/tbody><\/table><\/figure>\n<\/div>\n<\/div>\n\n\n\n<p>Reperto\u00e1r pro tane\u010dn\u00ed: polky, val\u010d\u00edky, tango, mazurka, waltz, blues, slowfox, quickstep, cha-cha, rumba, samba, jive atd.<\/p>\n","protected":false},"excerpt":{"rendered":"<p>All my loving Amor magor Angels Apache A\u017e A\u017e na vrcholky hor Babylon B\u00e1je\u010dn\u00fd den B\u00e1je\u010dn\u00e1 \u017eensk\u00e1 Banana sm\u011bs Boky jako sk\u0159\u00ed\u0148 Bongo La Chacha Boty proti l\u00e1sce B\u00fdt st\u00e1le ml\u00e1d California Blue \u010cekej ti\u0161e \u010cern\u00ed and\u011bl\u00e9 Cesta \u010cmel\u00e1k Co bylo d\u00e1l Colorado Crazy little thing Dej mi v\u00edc sv\u00e9 l\u00e1sky Dej se pol\u00edbit D\u011bl\u00e1n\u00ed&hellip; <a class=\"more-link\" href=\"https:\/\/www.skupinaorion.cz\/index.php\/repertoar\/\">Pokra\u010dovat ve\u00a0\u010dten\u00ed <span class=\"screen-reader-text\">Reperto\u00e1r<\/span><\/a><\/p>\n","protected":false},"author":1,"featured_media":0,"parent":0,"menu_order":0,"comment_status":"closed","ping_status":"closed","template":"","meta":{"ngg_post_thumbnail":0,"footnotes":""},"class_list":["post-36","page","type-page","status-publish","hentry","entry"],"_links":{"self":[{"href":"https:\/\/www.skupinaorion.cz\/index.php\/wp-json\/wp\/v2\/pages\/36","targetHints":{"allow":["GET"]}}],"collection":[{"href":"https:\/\/www.skupinaorion.cz\/index.php\/wp-json\/wp\/v2\/pages"}],"about":[{"href":"https:\/\/www.skupinaorion.cz\/index.php\/wp-json\/wp\/v2\/types\/page"}],"author":[{"embeddable":true,"href":"https:\/\/www.skupinaorion.cz\/index.php\/wp-json\/wp\/v2\/users\/1"}],"replies":[{"embeddable":true,"href":"https:\/\/www.skupinaorion.cz\/index.php\/wp-json\/wp\/v2\/comments?post=36"}],"version-history":[{"count":42,"href":"https:\/\/www.skupinaorion.cz\/index.php\/wp-json\/wp\/v2\/pages\/36\/revisions"}],"predecessor-version":[{"id":425,"href":"https:\/\/www.skupinaorion.cz\/index.php\/wp-json\/wp\/v2\/pages\/36\/revisions\/425"}],"wp:attachment":[{"href":"https:\/\/www.skupinaorion.cz\/index.php\/wp-json\/wp\/v2\/media?parent=36"}],"curies":[{"name":"wp","href":"https:\/\/api.w.org\/{rel}","templated":true}]}}