{"id":293,"date":"2024-08-03T20:05:31","date_gmt":"2024-08-03T18:05:31","guid":{"rendered":"https:\/\/www.skupinaorion.cz\/?page_id=293"},"modified":"2024-08-04T18:37:07","modified_gmt":"2024-08-04T16:37:07","slug":"hudebni-ukazky","status":"publish","type":"page","link":"https:\/\/www.skupinaorion.cz\/index.php\/hudebni-ukazky\/","title":{"rendered":"Hudebn\u00ed uk\u00e1zky"},"content":{"rendered":"\n<figure class=\"wp-block-audio aligncenter\"><audio controls src=\"http:\/\/www.skupinaorion.cz\/wp-content\/uploads\/2024\/08\/Crazy-little.mp3\"><\/audio><figcaption class=\"wp-element-caption\">Crazy little<\/figcaption><\/figure>\n\n\n\n<figure class=\"wp-block-audio aligncenter\"><audio controls src=\"http:\/\/www.skupinaorion.cz\/wp-content\/uploads\/2024\/08\/Dve-srdce-vejpul.mp3\"><\/audio><figcaption class=\"wp-element-caption\">Dv\u011b srdce vejp\u016fl<\/figcaption><\/figure>\n\n\n\n<figure class=\"wp-block-audio\"><audio controls src=\"http:\/\/www.skupinaorion.cz\/wp-content\/uploads\/2024\/08\/Hory.mp3\"><\/audio><figcaption class=\"wp-element-caption\">Hory<\/figcaption><\/figure>\n\n\n\n<figure class=\"wp-block-audio\"><audio controls src=\"http:\/\/www.skupinaorion.cz\/wp-content\/uploads\/2024\/08\/Chci-zas-v-tobe-spat.mp3\"><\/audio><figcaption class=\"wp-element-caption\">Chci zas v tob\u011b sp\u00e1t<\/figcaption><\/figure>\n\n\n\n<figure class=\"wp-block-audio\"><audio controls src=\"http:\/\/www.skupinaorion.cz\/wp-content\/uploads\/2024\/08\/Klidna-jako-voda.mp3\"><\/audio><figcaption class=\"wp-element-caption\">Klidn\u00e1 jako voda<\/figcaption><\/figure>\n\n\n\n<figure class=\"wp-block-audio\"><audio controls src=\"http:\/\/www.skupinaorion.cz\/wp-content\/uploads\/2024\/08\/Lady-carneval.mp3\"><\/audio><figcaption class=\"wp-element-caption\">Lady carneval<\/figcaption><\/figure>\n\n\n\n<figure class=\"wp-block-audio\"><audio controls src=\"http:\/\/www.skupinaorion.cz\/wp-content\/uploads\/2024\/08\/Mala-pisnicka.mp3\"><\/audio><figcaption class=\"wp-element-caption\">Mal\u00e1 p\u00edsni\u010dka<\/figcaption><\/figure>\n\n\n\n<figure class=\"wp-block-audio\"><audio controls src=\"http:\/\/www.skupinaorion.cz\/wp-content\/uploads\/2019\/04\/Mandy.mp3\"><\/audio><figcaption class=\"wp-element-caption\">Mandy<\/figcaption><\/figure>\n\n\n\n<figure class=\"wp-block-audio\"><audio controls src=\"http:\/\/www.skupinaorion.cz\/wp-content\/uploads\/2024\/08\/Na-malou-chvili.mp3\"><\/audio><figcaption class=\"wp-element-caption\">Na malou chv\u00edli<\/figcaption><\/figure>\n\n\n\n<figure class=\"wp-block-audio\"><audio controls src=\"http:\/\/www.skupinaorion.cz\/wp-content\/uploads\/2024\/08\/Na-sever.mp3\"><\/audio><figcaption class=\"wp-element-caption\">Na sever<\/figcaption><\/figure>\n\n\n\n<figure class=\"wp-block-audio\"><audio controls src=\"http:\/\/www.skupinaorion.cz\/wp-content\/uploads\/2024\/08\/Party.mp3\"><\/audio><figcaption class=\"wp-element-caption\">P\u00e1rty<\/figcaption><\/figure>\n\n\n\n<figure class=\"wp-block-audio\"><audio controls src=\"http:\/\/www.skupinaorion.cz\/wp-content\/uploads\/2024\/08\/Pretty-Woman.mp3\"><\/audio><figcaption class=\"wp-element-caption\">Pretty Woman<\/figcaption><\/figure>\n\n\n\n<figure class=\"wp-block-audio\"><audio controls src=\"http:\/\/www.skupinaorion.cz\/wp-content\/uploads\/2024\/08\/Prerovanka.mp3\"><\/audio><figcaption class=\"wp-element-caption\">P\u0159erovanka<\/figcaption><\/figure>\n\n\n\n<figure class=\"wp-block-audio\"><audio controls src=\"http:\/\/www.skupinaorion.cz\/wp-content\/uploads\/2024\/08\/Sila-starejch-vin.mp3\"><\/audio><figcaption class=\"wp-element-caption\">S\u00edla starejch v\u00edn<\/figcaption><\/figure>\n\n\n\n<figure class=\"wp-block-audio\"><audio controls src=\"http:\/\/www.skupinaorion.cz\/wp-content\/uploads\/2024\/08\/Sway.mp3\"><\/audio><figcaption class=\"wp-element-caption\">Sway<\/figcaption><\/figure>\n\n\n\n<figure class=\"wp-block-audio\"><audio controls src=\"http:\/\/www.skupinaorion.cz\/wp-content\/uploads\/2024\/08\/Ty-a-ja.mp3\"><\/audio><figcaption class=\"wp-element-caption\">Ty a j\u00e1<\/figcaption><\/figure>\n\n\n\n<figure class=\"wp-block-audio\"><audio controls src=\"http:\/\/www.skupinaorion.cz\/wp-content\/uploads\/2024\/08\/V-blbym-veku.mp3\"><\/audio><figcaption class=\"wp-element-caption\">V blb\u00fdm v\u011bku<\/figcaption><\/figure>\n\n\n\n<figure class=\"wp-block-audio\"><audio controls src=\"http:\/\/www.skupinaorion.cz\/wp-content\/uploads\/2024\/08\/Poslouchej.mp3\"><\/audio><figcaption class=\"wp-element-caption\">Vem si bl\u016fzu<\/figcaption><\/figure>\n\n\n\n<figure class=\"wp-block-audio\"><audio controls src=\"http:\/\/www.skupinaorion.cz\/wp-content\/uploads\/2024\/08\/Vzdycky-se-budeme-znat.mp3\"><\/audio><figcaption class=\"wp-element-caption\">V\u017edycky se budeme zn\u00e1t<\/figcaption><\/figure>\n","protected":false},"excerpt":{"rendered":"","protected":false},"author":2,"featured_media":0,"parent":0,"menu_order":0,"comment_status":"closed","ping_status":"closed","template":"","meta":{"ngg_post_thumbnail":0,"footnotes":""},"class_list":["post-293","page","type-page","status-publish","hentry","entry"],"_links":{"self":[{"href":"https:\/\/www.skupinaorion.cz\/index.php\/wp-json\/wp\/v2\/pages\/293","targetHints":{"allow":["GET"]}}],"collection":[{"href":"https:\/\/www.skupinaorion.cz\/index.php\/wp-json\/wp\/v2\/pages"}],"about":[{"href":"https:\/\/www.skupinaorion.cz\/index.php\/wp-json\/wp\/v2\/types\/page"}],"author":[{"embeddable":true,"href":"https:\/\/www.skupinaorion.cz\/index.php\/wp-json\/wp\/v2\/users\/2"}],"replies":[{"embeddable":true,"href":"https:\/\/www.skupinaorion.cz\/index.php\/wp-json\/wp\/v2\/comments?post=293"}],"version-history":[{"count":10,"href":"https:\/\/www.skupinaorion.cz\/index.php\/wp-json\/wp\/v2\/pages\/293\/revisions"}],"predecessor-version":[{"id":421,"href":"https:\/\/www.skupinaorion.cz\/index.php\/wp-json\/wp\/v2\/pages\/293\/revisions\/421"}],"wp:attachment":[{"href":"https:\/\/www.skupinaorion.cz\/index.php\/wp-json\/wp\/v2\/media?parent=293"}],"curies":[{"name":"wp","href":"https:\/\/api.w.org\/{rel}","templated":true}]}}